{"id":20273,"date":"2014-07-07T14:26:05","date_gmt":"2014-07-07T14:26:05","guid":{"rendered":"http:\/\/demo.select-themes.com\/stockholm1\/?page_id=20273"},"modified":"2026-02-14T12:27:01","modified_gmt":"2026-02-14T12:27:01","slug":"services","status":"publish","type":"page","link":"https:\/\/pedjapetkovic.com\/sr\/services\/","title":{"rendered":"USLUGE"},"content":{"rendered":"<div class=\"wpb-content-wrapper\"><div     class=\"vc_row wpb_row section vc_row-fluid  grid_section\" style='background-color:#ffffff; padding-top:100px; padding-bottom:40px; text-align:left;'><div class=\"section_inner clearfix\"><div class='section_inner_margin clearfix'><div class=\"wpb_column vc_column_container vc_col-sm-12\"><div class=\"vc_column-inner\"><div class=\"wpb_wrapper\"><div     class=\"vc_row wpb_row vc_inner section vc_row-fluid\" style=' text-align:left;'><div class=\"full_section_inner clearfix\"><div class=\"wpb_column vc_column_container vc_col-sm-3\"><div class=\"vc_column-inner\"><div class=\"wpb_wrapper\">\n\t<div class=\"wpb_text_column wpb_content_element\">\n\t\t<div class=\"wpb_wrapper\">\n\t\t\t<h5>Arhitektonsko projektovanje<\/h5>\n\n\t\t<\/div> \n\t<\/div> <div class=\"separator  transparent\" style=\"border-width:1px;margin-top:20px;margin-bottom:0px\"><\/div>\n\n\t<div class=\"wpb_text_column wpb_content_element\">\n\t\t<div class=\"wpb_wrapper\">\n\t\t\t<ul>\n<li>Razrada arhitektonskih koncepata i projekata, od po\u010detnih ideja do razra\u0111enih projektnih re\u0161enja, prilago\u0111enih konkretnim zahtevima projekta i uslovima prostora.<\/li>\n<\/ul>\n\n\t\t<\/div> \n\t<\/div> <div class=\"separator  transparent\" style=\"border-width:1px;margin-top:30px;margin-bottom:0px\"><\/div>\n<\/div><\/div><\/div><div class=\"wpb_column vc_column_container vc_col-sm-3\"><div class=\"vc_column-inner\"><div class=\"wpb_wrapper\">\n\t<div class=\"wpb_text_column wpb_content_element\">\n\t\t<div class=\"wpb_wrapper\">\n\t\t\t<h5 class=\"translation-block\">DIZAJN ENTERIJERA<\/h5>\n\n\t\t<\/div> \n\t<\/div> <div class=\"separator  transparent\" style=\"border-width:1px;margin-top:20px;margin-bottom:0px\"><\/div>\n\n\t<div class=\"wpb_text_column wpb_content_element\">\n\t\t<div class=\"wpb_wrapper\">\n\t\t\t<ul>\n<li>Projektovanje enterijera za stambene, poslovne i javne prostore. Obuhvata razradu dispozicije, izbor materijala i detaljnu razradu.<\/li>\n<\/ul>\n\n\t\t<\/div> \n\t<\/div> <div class=\"separator  transparent\" style=\"border-width:1px;margin-top:30px;margin-bottom:0px\"><\/div>\n<\/div><\/div><\/div><div class=\"wpb_column vc_column_container vc_col-sm-3\"><div class=\"vc_column-inner\"><div class=\"wpb_wrapper\">\n\t<div class=\"wpb_text_column wpb_content_element\">\n\t\t<div class=\"wpb_wrapper\">\n\t\t\t<h5 class=\"translation-block\">ARHITEKTONSKA VIZUALIZACIJA<\/h5>\n\n\t\t<\/div> \n\t<\/div> <div class=\"separator  transparent\" style=\"border-width:1px;margin-top:20px;margin-bottom:0px\"><\/div>\n\n\t<div class=\"wpb_text_column wpb_content_element\">\n\t\t<div class=\"wpb_wrapper\">\n\t\t\t<ul>\n<li>3D vizualizacije visokog kvaliteta namenjene prezentaciji, komunikaciji i razvoju projekta, od po\u010detnih koncepata do finalnih prikaza.<\/li>\n<\/ul>\n\n\t\t<\/div> \n\t<\/div> <div class=\"separator  transparent\" style=\"border-width:1px;margin-top:30px;margin-bottom:0px\"><\/div>\n<\/div><\/div><\/div><div class=\"wpb_column vc_column_container vc_col-sm-3\"><div class=\"vc_column-inner\"><div class=\"wpb_wrapper\">\n\t<div class=\"wpb_text_column wpb_content_element\">\n\t\t<div class=\"wpb_wrapper\">\n\t\t\t<h5>Dizajn name\u0161taja po meri<\/h5>\n\n\t\t<\/div> \n\t<\/div> <div class=\"separator  transparent\" style=\"border-width:1px;margin-top:20px;margin-bottom:0px\"><\/div>\n\n\t<div class=\"wpb_text_column wpb_content_element\">\n\t\t<div class=\"wpb_wrapper\">\n\t\t\t<ul>\n<li>Dizajn name\u0161taja i ugradnih elemenata prilago\u0111enih konkretnim prostorima i potrebama projekta, od pojedina\u010dnih komada do integrisanih re\u0161enja.<\/li>\n<\/ul>\n\n\t\t<\/div> \n\t<\/div> <div class=\"separator  transparent\" style=\"border-width:1px;margin-top:30px;margin-bottom:0px\"><\/div>\n<\/div><\/div><\/div><\/div><\/div><\/div><\/div><\/div><\/div><\/div><\/div><div     class=\"vc_row wpb_row section vc_row-fluid  grid_section\" style='background-color:#ffffff; padding-bottom:120px; text-align:left;'><div class=\"section_inner clearfix\"><div class='section_inner_margin clearfix'><div class=\"wpb_column vc_column_container vc_col-sm-12\"><div class=\"vc_column-inner\"><div class=\"wpb_wrapper\"><div class=\"separator  transparent\" style=\"margin-top:30px\"><\/div>\n<a href=\"http:\/\/pedjapetkovic.com\/sr\/contact\/\" target=\"_self\" data-hover-background-color=\"rgba(255,255,255,0.01)\" data-hover-border-color=\"#393939\" data-hover-color=\"#393939\" class=\"qbutton\" style=\"color: #ffffff; border-color: #393939; background-color: #393939;\">POKRENITE PROJEKAT<\/a><div class=\"separator  transparent\" style=\"margin-top:60px\"><\/div>\n\n\t<div class=\"wpb_text_column wpb_content_element\">\n\t\t<div class=\"wpb_wrapper\">\n\t\t\t<p><strong><a href=\"http:\/\/pedjapetkovic.com\/sr\/work\/\">POGLEDAJTE  RADOVE<\/a><\/strong><\/p>\n\n\t\t<\/div> \n\t<\/div> <\/div><\/div><\/div><\/div><\/div><\/div><section     data-speed=\"1\" class=\"parallax_section_holder\" style = \" height:350px; background-image:url('https:\/\/pedjapetkovic.com\/wp-content\/uploads\/2022\/11\/header2-housse-on-the-hill-2500x900-1.webp');\"><div class=\"parallax_content left\"><div class='parallax_section_inner_margin clearfix'><div class=\"wpb_column vc_column_container vc_col-sm-12\"><div class=\"vc_column-inner\"><div class=\"wpb_wrapper\"><\/div><\/div><\/div><\/div><\/div><\/section><div     class=\"vc_row wpb_row section vc_row-fluid  grid_section\" style='background-color:#ffffff; padding-top:80px; padding-bottom:20px; text-align:left;'><div class=\"section_inner clearfix\"><div class='section_inner_margin clearfix'><div class=\"wpb_column vc_column_container vc_col-sm-12\"><div class=\"vc_column-inner\"><div class=\"wpb_wrapper\"><div class=\"separator  transparent\" style=\"margin-top:30px\"><\/div>\n\n\t<div class=\"wpb_text_column wpb_content_element\">\n\t\t<div class=\"wpb_wrapper\">\n\t\t\t<p>Each project follows a structured process, from initial concept to final delivery, based on a clear understanding of the client\u2019s requirements.<br data-start=\"1152\" data-end=\"1155\" \/>Cilj je pru\u017eiti razra\u0111ena, precizna i jasno komunicirana projektna re\u0161enja.<\/p>\n\n\t\t<\/div> \n\t<\/div> <div class=\"separator  transparent\" style=\"margin-top:20px\"><\/div>\n<\/div><\/div><\/div><\/div><\/div><\/div><div     class=\"vc_row wpb_row section vc_row-fluid  grid_section\" style='background-color:#ffffff; padding-top:60px; padding-bottom:120px; text-align:left;'><div class=\"section_inner clearfix\"><div class='section_inner_margin clearfix'><div class=\"wpb_column vc_column_container vc_col-sm-3\"><div class=\"vc_column-inner\"><div class=\"wpb_wrapper\"><div class='q_icon_with_title small circle center'><div class=\"icon_holder\" style=\" \"><div class=\"icon_holder_inner\"><span class=\"fa-stack fa-2x  custom-font\" style=\"\"><i class=\"icon_text_icon fa fa-thumbs-o-up fa-stack-1x\"><\/i><\/span><\/div><\/div><div class=\"icon_text_holder\" style=\"\"><div class=\"icon_text_inner\" style=\"\"><h4 class=\"icon_title\" style=\"\">RAZUMEVANJE<\/h4><p style=''>Analiza ciljeva klijenta, zahteva i uslova projekta.<\/p><\/div><\/div><\/div><div class=\"separator  transparent\" style=\"margin-top:40px\"><\/div>\n<\/div><\/div><\/div><div class=\"wpb_column vc_column_container vc_col-sm-3\"><div class=\"vc_column-inner\"><div class=\"wpb_wrapper\"><div class='q_icon_with_title small circle without_double_border center'><div class=\"icon_holder\" style=\" \"><div class=\"icon_holder_inner\"><span class=\"fa-stack fa-2x  custom-font\" style=\"color: #ffffff;background-color: #393939;\"><i class=\"icon_text_icon fa fa-lightbulb-o fa-stack-1x\"><\/i><\/span><\/div><\/div><div class=\"icon_text_holder\" style=\"\"><div class=\"icon_text_inner\" style=\"\"><h4 class=\"icon_title\" style=\"color: #393939\">DIZAJN<\/h4><p style='color: #393939'>Razrada projektnih koncepata i prostornih re\u0161enja.<\/p><\/div><\/div><\/div><div class=\"separator  transparent\" style=\"margin-top:40px\"><\/div>\n<\/div><\/div><\/div><div class=\"wpb_column vc_column_container vc_col-sm-3\"><div class=\"vc_column-inner\"><div class=\"wpb_wrapper\"><div class='q_icon_with_title small circle without_double_border center'><div class=\"icon_holder\" style=\" \"><div class=\"icon_holder_inner\"><span class=\"fa-stack fa-2x  custom-font\" style=\"color: #ffffff;background-color: #393939;\"><i class=\"icon_text_icon fa fa-star-half-empty fa-stack-1x\"><\/i><\/span><\/div><\/div><div class=\"icon_text_holder\" style=\"\"><div class=\"icon_text_inner\" style=\"\"><h4 class=\"icon_title\" style=\"color: #393939\">REVIZIJA<\/h4><p style='color: #393939'>Prezentacija, povratne informacije i dalja razrada projektnog re\u0161enja.<\/p><\/div><\/div><\/div><div class=\"separator  transparent\" style=\"margin-top:40px\"><\/div>\n<\/div><\/div><\/div><div class=\"wpb_column vc_column_container vc_col-sm-3\"><div class=\"vc_column-inner\"><div class=\"wpb_wrapper\"><div class='q_icon_with_title small circle without_double_border center'><div class=\"icon_holder\" style=\" \"><div class=\"icon_holder_inner\"><span class=\"fa-stack fa-2x  custom-font\" style=\"color: #ffffff;background-color: #393939;\"><i class=\"icon_text_icon fa fa-star fa-stack-1x\"><\/i><\/span><\/div><\/div><div class=\"icon_text_holder\" style=\"\"><div class=\"icon_text_inner\" style=\"\"><h4 class=\"icon_title\" style=\"color: #393939\">FINALIZACIJA I ISPORUKA<\/h4><p style='color: #393939'>Priprema i predaja zavr\u0161ne projektne dokumentacije.<\/p><\/div><\/div><\/div><div class=\"separator  transparent\" style=\"margin-top:40px\"><\/div>\n<\/div><\/div><\/div><\/div><\/div><\/div>\n<\/div>","protected":false},"excerpt":{"rendered":"Architecture design Development of architectural concepts and projects, from initial ideas to well-resolved design solutions. Adapted to specific project requirements and spatial conditions. Interior design Design of interior spaces for residential, commercial, and public use. Includes layout development, material selection, and detailed design. Architectural visualization...","protected":false},"author":1,"featured_media":0,"parent":0,"menu_order":0,"comment_status":"open","ping_status":"open","template":"full_width.php","meta":{"_exactmetrics_skip_tracking":false,"_exactmetrics_sitenote_active":false,"_exactmetrics_sitenote_note":"","_exactmetrics_sitenote_category":0,"footnotes":""},"class_list":["post-20273","page","type-page","status-publish","hentry"],"_links":{"self":[{"href":"https:\/\/pedjapetkovic.com\/sr\/wp-json\/wp\/v2\/pages\/20273","targetHints":{"allow":["GET"]}}],"collection":[{"href":"https:\/\/pedjapetkovic.com\/sr\/wp-json\/wp\/v2\/pages"}],"about":[{"href":"https:\/\/pedjapetkovic.com\/sr\/wp-json\/wp\/v2\/types\/page"}],"author":[{"embeddable":true,"href":"https:\/\/pedjapetkovic.com\/sr\/wp-json\/wp\/v2\/users\/1"}],"replies":[{"embeddable":true,"href":"https:\/\/pedjapetkovic.com\/sr\/wp-json\/wp\/v2\/comments?post=20273"}],"version-history":[{"count":298,"href":"https:\/\/pedjapetkovic.com\/sr\/wp-json\/wp\/v2\/pages\/20273\/revisions"}],"predecessor-version":[{"id":24778,"href":"https:\/\/pedjapetkovic.com\/sr\/wp-json\/wp\/v2\/pages\/20273\/revisions\/24778"}],"wp:attachment":[{"href":"https:\/\/pedjapetkovic.com\/sr\/wp-json\/wp\/v2\/media?parent=20273"}],"curies":[{"name":"wp","href":"https:\/\/api.w.org\/{rel}","templated":true}]}}